{"id":2259,"date":"2024-04-24T13:22:26","date_gmt":"2024-04-24T11:22:26","guid":{"rendered":"https:\/\/agos-malnoue.micromagic.fr\/?page_id=2259"},"modified":"2025-01-30T11:09:50","modified_gmt":"2025-01-30T10:09:50","slug":"personne-de-confiance","status":"publish","type":"page","link":"https:\/\/agos-malnoue.micromagic.fr\/index.php\/personne-de-confiance\/","title":{"rendered":"Personne de confiance"},"content":{"rendered":"<p>La personne de confiance joue un r\u00f4le crucial dans le milieu m\u00e9dicalis\u00e9, notamment en EHPAD (\u00c9tablissement d&rsquo;H\u00e9bergement pour Personnes \u00c2g\u00e9es D\u00e9pendantes). Elle est d\u00e9sign\u00e9e par le r\u00e9sident pour l&rsquo;accompagner dans son parcours de soins et le repr\u00e9senter lorsqu&rsquo;il n&rsquo;est plus en mesure de s&rsquo;exprimer<\/p>\n<p>&nbsp;<\/p>\n<h2 class=\"hover:duration-80 duration-800 mb-2 mt-6 w-fit cursor-pointer text-lg underline decoration-super\/50 decoration-1 underline-offset-[3px] transition-all first:mt-3 hover:text-super hover:decoration-super\/80 hover:underline-offset-[5px] motion-reduce:transition-none dark:decoration-superDark\/35 dark:hover:text-superDark dark:hover:decoration-superDark\/80\" data-state=\"closed\">R\u00f4le m\u00e9dico-social<\/h2>\n<ul class=\"marker:text-textOff list-disc pl-8\">\n<li><span class=\"\">Accompagne le r\u00e9sident lors de l&rsquo;entretien pr\u00e9alable \u00e0 l&rsquo;entr\u00e9e en EHPAD<\/span><\/li>\n<li><span class=\"\">Assiste \u00e0 la signature du contrat de s\u00e9jour<\/span><\/li>\n<li><span class=\"\">Aide le r\u00e9sident dans ses d\u00e9marches administratives<\/span><\/li>\n<li><span class=\"\">Veille au bon d\u00e9roulement de la prise en charge sociale et m\u00e9dico-sociale<\/span><\/li>\n<\/ul>\n<p>&nbsp;<\/p>\n<h2 class=\"hover:duration-80 duration-800 mb-2 mt-6 w-fit cursor-pointer text-lg underline decoration-super\/50 decoration-1 underline-offset-[3px] transition-all first:mt-3 hover:text-super hover:decoration-super\/80 hover:underline-offset-[5px] motion-reduce:transition-none dark:decoration-superDark\/35 dark:hover:text-superDark dark:hover:decoration-superDark\/80\" data-state=\"closed\">R\u00f4le sanitaire<\/h2>\n<ul class=\"marker:text-textOff list-disc pl-8\">\n<li><span class=\"\">Assiste aux rendez-vous m\u00e9dicaux si le r\u00e9sident le souhaite<\/span><\/li>\n<li><span class=\"\">Aide le r\u00e9sident dans ses prises de d\u00e9cision concernant sa sant\u00e9<\/span><\/li>\n<li><span class=\"\">Peut \u00eatre d\u00e9positaire des directives anticip\u00e9es du r\u00e9sident<\/span><\/li>\n<li><span class=\"\">Devient le porte-parole du r\u00e9sident s&rsquo;il n&rsquo;est plus en mesure de s&rsquo;exprimer<\/span><\/li>\n<\/ul>\n<p>&nbsp;<\/p>\n<h2 class=\"hover:duration-80 duration-800 mb-2 mt-6 w-fit cursor-pointer text-lg underline decoration-super\/50 decoration-1 underline-offset-[3px] transition-all first:mt-3 hover:text-super hover:decoration-super\/80 hover:underline-offset-[5px] motion-reduce:transition-none dark:decoration-superDark\/35 dark:hover:text-superDark dark:hover:decoration-superDark\/80\" data-state=\"closed\">Importance de la personne de confiance<\/h2>\n<p><span class=\"\">La personne de confiance est particuli\u00e8rement importante en EHPAD car :<\/span><\/p>\n<ul class=\"marker:text-textOff list-disc pl-8\">\n<li><span class=\"\">Elle repr\u00e9sente un relais pr\u00e9cieux entre le r\u00e9sident et les soignants<\/span><\/li>\n<li><span class=\"\">Son t\u00e9moignage pr\u00e9vaut sur tout autre en cas d&rsquo;incapacit\u00e9 du r\u00e9sident \u00e0 s&rsquo;exprimer<\/span><\/li>\n<li><span class=\"\">Elle peut initier une proc\u00e9dure coll\u00e9giale si elle l&rsquo;estime n\u00e9cessaire<\/span><\/li>\n<\/ul>\n<p><span class=\"\">Il est crucial de noter que la d\u00e9signation d&rsquo;une personne de confiance est un droit et non une obligation pour le r\u00e9sident<\/span><span class=\"\"><span class=\"whitespace-nowrap\">.<\/span><\/span><span class=\"\">\u00a0Cette d\u00e9signation doit \u00eatre le r\u00e9sultat d&rsquo;un choix r\u00e9fl\u00e9chi, bas\u00e9 sur une relation de confiance solide<\/span><\/p>\n<p>&nbsp;<\/p>\n<h2 class=\"hover:duration-80 duration-800 mb-2 mt-6 w-fit cursor-pointer text-lg underline decoration-super\/50 decoration-1 underline-offset-[3px] transition-all first:mt-3 hover:text-super hover:decoration-super\/80 hover:underline-offset-[5px] motion-reduce:transition-none dark:decoration-superDark\/35 dark:hover:text-superDark dark:hover:decoration-superDark\/80\" data-state=\"closed\">Droits de la personne de confiance<\/h2>\n<ul class=\"marker:text-textOff list-disc pl-8\">\n<li><span class=\"\">Assister aux entretiens m\u00e9dicaux avec le r\u00e9sident s&rsquo;il le souhaite<\/span><\/li>\n<li><span class=\"\">\u00catre consult\u00e9e si le r\u00e9sident n&rsquo;est plus en mesure d&rsquo;exprimer sa volont\u00e9<\/span><\/li>\n<li><span class=\"\">Avoir un droit de visite quotidien en fin de vie du r\u00e9sident<\/span><\/li>\n<li><span class=\"\">Acc\u00e9der aux informations m\u00e9dicales n\u00e9cessaires pour remplir son r\u00f4le, en pr\u00e9sence du r\u00e9sident<\/span><\/li>\n<li><span class=\"\">Proposer des modifications \u00e0 l&rsquo;annexe du contrat de s\u00e9jour concernant les conditions d&rsquo;accueil.<\/span><\/li>\n<\/ul>\n<p>&nbsp;<\/p>\n<h2 class=\"hover:duration-80 duration-800 mb-2 mt-6 w-fit cursor-pointer text-lg underline decoration-super\/50 decoration-1 underline-offset-[3px] transition-all first:mt-3 hover:text-super hover:decoration-super\/80 hover:underline-offset-[5px] motion-reduce:transition-none dark:decoration-superDark\/35 dark:hover:text-superDark dark:hover:decoration-superDark\/80\" data-state=\"closed\">Devoirs de la personne de confiance<\/h2>\n<ul class=\"marker:text-textOff list-disc pl-8\">\n<li><span class=\"\">Respecter la confidentialit\u00e9 des informations m\u00e9dicales et personnelles du r\u00e9sident<\/span><\/li>\n<li><span class=\"\">Exprimer fid\u00e8lement les souhaits et volont\u00e9s du r\u00e9sident, sans y m\u00ealer ses propres convictions<\/span><\/li>\n<li><span class=\"\">Accompagner le r\u00e9sident dans ses d\u00e9marches administratives et m\u00e9dicales<\/span><\/li>\n<li><span class=\"\">Veiller au respect des droits du r\u00e9sident dans le cadre de sa prise en charge m\u00e9dico-sociale<\/span><\/li>\n<li><span class=\"\">S&rsquo;engager moralement \u00e0 respecter les volont\u00e9s du r\u00e9sident, notamment en fin de vie<\/span><\/li>\n<li><span class=\"\">\u00catre pr\u00e9sente lors de la signature du contrat de s\u00e9jour si le r\u00e9sident le souhaite<\/span><\/li>\n<\/ul>\n<p><span class=\"\">Il est important de noter que la d\u00e9signation d&rsquo;une personne de confiance est un droit et non une obligation pour le r\u00e9sident<\/span><span class=\"\"><span class=\"whitespace-nowrap\">.<\/span><\/span><span class=\"\"> Cette d\u00e9signation doit r\u00e9sulter d&rsquo;un choix r\u00e9fl\u00e9chi et peut \u00eatre modifi\u00e9e ou r\u00e9voqu\u00e9e \u00e0 tout moment<\/span><\/p>\n","protected":false},"excerpt":{"rendered":"<p>La personne de confiance joue un r\u00f4le crucial dans le milieu m\u00e9dicalis\u00e9, notamment en EHPAD (\u00c9tablissement d&rsquo;H\u00e9bergement pour Personnes \u00c2g\u00e9es D\u00e9pendantes). Elle est d\u00e9sign\u00e9e par le r\u00e9sident pour l&rsquo;accompagner dans son parcours de soins et le repr\u00e9senter lorsqu&rsquo;il n&rsquo;est plus en mesure de s&rsquo;exprimer &nbsp; R\u00f4le m\u00e9dico-social Accompagne le r\u00e9sident lors de l&rsquo;entretien pr\u00e9alable \u00e0&hellip;<\/p>\n","protected":false},"author":2,"featured_media":0,"parent":0,"menu_order":0,"comment_status":"closed","ping_status":"closed","template":"","meta":{"footnotes":""},"class_list":["post-2259","page","type-page","status-publish","hentry","description-off"],"_links":{"self":[{"href":"https:\/\/agos-malnoue.micromagic.fr\/index.php\/wp-json\/wp\/v2\/pages\/2259","targetHints":{"allow":["GET"]}}],"collection":[{"href":"https:\/\/agos-malnoue.micromagic.fr\/index.php\/wp-json\/wp\/v2\/pages"}],"about":[{"href":"https:\/\/agos-malnoue.micromagic.fr\/index.php\/wp-json\/wp\/v2\/types\/page"}],"author":[{"embeddable":true,"href":"https:\/\/agos-malnoue.micromagic.fr\/index.php\/wp-json\/wp\/v2\/users\/2"}],"replies":[{"embeddable":true,"href":"https:\/\/agos-malnoue.micromagic.fr\/index.php\/wp-json\/wp\/v2\/comments?post=2259"}],"version-history":[{"count":3,"href":"https:\/\/agos-malnoue.micromagic.fr\/index.php\/wp-json\/wp\/v2\/pages\/2259\/revisions"}],"predecessor-version":[{"id":2272,"href":"https:\/\/agos-malnoue.micromagic.fr\/index.php\/wp-json\/wp\/v2\/pages\/2259\/revisions\/2272"}],"wp:attachment":[{"href":"https:\/\/agos-malnoue.micromagic.fr\/index.php\/wp-json\/wp\/v2\/media?parent=2259"}],"curies":[{"name":"wp","href":"https:\/\/api.w.org\/{rel}","templated":true}]}}