{"id":2284,"date":"2025-01-30T13:36:04","date_gmt":"2025-01-30T12:36:04","guid":{"rendered":"https:\/\/agos-malnoue.micromagic.fr\/?page_id=2284"},"modified":"2025-01-30T13:54:12","modified_gmt":"2025-01-30T12:54:12","slug":"directives-anticipees","status":"publish","type":"page","link":"https:\/\/agos-malnoue.micromagic.fr\/index.php\/directives-anticipees\/","title":{"rendered":"Directives anticip\u00e9es"},"content":{"rendered":"<p><span class=\"\">Les directives anticip\u00e9es en EHPAD sont un sujet important mais parfois d\u00e9licat \u00e0 aborder. Voici les principaux points \u00e0 retenir :<\/span><\/p>\n<h2 class=\"hover:duration-80 duration-800 mb-2 mt-6 w-fit cursor-pointer text-lg underline decoration-super\/50 decoration-1 underline-offset-[3px] transition-all first:mt-3 hover:text-super hover:decoration-super\/80 hover:underline-offset-[5px] motion-reduce:transition-none dark:decoration-superDark\/35 dark:hover:text-superDark dark:hover:decoration-superDark\/80\" data-state=\"closed\">D\u00e9finition et objectif<\/h2>\n<p><span class=\"\">Les directives anticip\u00e9es sont un document \u00e9crit permettant \u00e0 toute personne majeure d&rsquo;exprimer ses volont\u00e9s concernant sa fin de vie, notamment sur la poursuite, la limitation, l&rsquo;arr\u00eat ou le refus de traitements et d&rsquo;actes m\u00e9dicaux<\/span><span class=\"\"><span class=\"whitespace-nowrap\">.<\/span><\/span><span class=\"\">\u00a0Leur but est de faire respecter les souhaits du r\u00e9sident m\u00eame lorsqu&rsquo;il n&rsquo;est plus en capacit\u00e9 de s&rsquo;exprimer.<\/span><\/p>\n<h2 class=\"hover:duration-80 duration-800 mb-2 mt-6 w-fit cursor-pointer text-lg underline decoration-super\/50 decoration-1 underline-offset-[3px] transition-all first:mt-3 hover:text-super hover:decoration-super\/80 hover:underline-offset-[5px] motion-reduce:transition-none dark:decoration-superDark\/35 dark:hover:text-superDark dark:hover:decoration-superDark\/80\" data-state=\"closed\">Cadre l\u00e9gal et mise en place<\/h2>\n<p><span class=\"\">Depuis 2016, les EHPAD sont tenus d&rsquo;informer leurs r\u00e9sidents de l&rsquo;existence des directives anticip\u00e9es<\/span><span class=\"\"><span class=\"whitespace-nowrap\">.<\/span><\/span><span class=\"\">\u00a0Cependant, leur r\u00e9daction n&rsquo;est pas obligatoire. Les directives anticip\u00e9es :<\/span><\/p>\n<ul class=\"marker:text-textOff list-disc pl-8\">\n<li><span class=\"\">Sont valables sans limite de temps<\/span><\/li>\n<li><span class=\"\">Doivent \u00eatre dat\u00e9es et sign\u00e9es<\/span><\/li>\n<li><span class=\"\">Peuvent \u00eatre modifi\u00e9es ou r\u00e9voqu\u00e9es \u00e0 tout moment<\/span><\/li>\n<li><span class=\"\">S&rsquo;imposent au m\u00e9decin, sauf dans certains cas exceptionnels<\/span><\/li>\n<\/ul>\n<h2 class=\"hover:duration-80 duration-800 mb-2 mt-6 w-fit cursor-pointer text-lg underline decoration-super\/50 decoration-1 underline-offset-[3px] transition-all first:mt-3 hover:text-super hover:decoration-super\/80 hover:underline-offset-[5px] motion-reduce:transition-none dark:decoration-superDark\/35 dark:hover:text-superDark dark:hover:decoration-superDark\/80\" data-state=\"closed\">Enjeux en EHPAD<\/h2>\n<p><span class=\"\">La mise en place des directives anticip\u00e9es en EHPAD pr\u00e9sente plusieurs d\u00e9fis :<\/span><\/p>\n<ul class=\"marker:text-textOff list-disc pl-8\">\n<li><span class=\"\">Le moment opportun pour aborder le sujet : id\u00e9alement \u00e0 l&rsquo;arriv\u00e9e du r\u00e9sident, quand il conserve encore une certaine autonomie cognitive<\/span><\/li>\n<li><span class=\"\">La communication : c&rsquo;est un sujet souvent tabou, difficile \u00e0 aborder pour les \u00e9quipes et les familles<\/span><\/li>\n<li><span class=\"\">La capacit\u00e9 des r\u00e9sidents : environ 28% des personnes en EHPAD ont une maladie neurod\u00e9g\u00e9n\u00e9rative, ce qui peut limiter leur aptitude \u00e0 r\u00e9diger des directives anticip\u00e9es<\/span><\/li>\n<\/ul>\n<h2 class=\"hover:duration-80 duration-800 mb-2 mt-6 w-fit cursor-pointer text-lg underline decoration-super\/50 decoration-1 underline-offset-[3px] transition-all first:mt-3 hover:text-super hover:decoration-super\/80 hover:underline-offset-[5px] motion-reduce:transition-none dark:decoration-superDark\/35 dark:hover:text-superDark dark:hover:decoration-superDark\/80\" data-state=\"closed\">R\u00f4le des professionnels<\/h2>\n<p><span class=\"\">Les \u00e9quipes en EHPAD, notamment les IDEC (Infirmiers Coordinateurs), ont un r\u00f4le important \u00e0 jouer :<\/span><\/p>\n<ul class=\"marker:text-textOff list-disc pl-8\">\n<li><span class=\"\">Informer les r\u00e9sidents et leurs familles sur l&rsquo;existence des directives anticip\u00e9es<\/span><\/li>\n<li><span class=\"\">Accompagner la r\u00e9flexion et la r\u00e9daction de mani\u00e8re bienveillante et sans pression<\/span><\/li>\n<li><span class=\"\">Int\u00e9grer les directives anticip\u00e9es dans le projet de vie individualis\u00e9 du r\u00e9sident<\/span><\/li>\n<\/ul>\n<p><span class=\"\">Les psychologues peuvent \u00e9galement aider les r\u00e9sidents \u00e0 envisager les diff\u00e9rentes situations de fin de vie pour faire un choix \u00e9clair\u00e9<\/span><span class=\"\"><span class=\"whitespace-nowrap\">.<br \/>\n<\/span><\/span><span class=\"\">En conclusion, bien que la mise en place des directives anticip\u00e9es en EHPAD reste complexe, elle repr\u00e9sente un outil important pour respecter les volont\u00e9s des r\u00e9sidents en fin de vie. Une approche progressive, empathique et pluridisciplinaire est essentielle pour aborder ce sujet d\u00e9licat.<\/span><\/p>\n","protected":false},"excerpt":{"rendered":"<p>Les directives anticip\u00e9es en EHPAD sont un sujet important mais parfois d\u00e9licat \u00e0 aborder. Voici les principaux points \u00e0 retenir : D\u00e9finition et objectif Les directives anticip\u00e9es sont un document \u00e9crit permettant \u00e0 toute personne majeure d&rsquo;exprimer ses volont\u00e9s concernant sa fin de vie, notamment sur la poursuite, la limitation, l&rsquo;arr\u00eat ou le refus de&hellip;<\/p>\n","protected":false},"author":2,"featured_media":0,"parent":0,"menu_order":0,"comment_status":"closed","ping_status":"closed","template":"","meta":{"footnotes":""},"class_list":["post-2284","page","type-page","status-publish","hentry","description-off"],"_links":{"self":[{"href":"https:\/\/agos-malnoue.micromagic.fr\/index.php\/wp-json\/wp\/v2\/pages\/2284","targetHints":{"allow":["GET"]}}],"collection":[{"href":"https:\/\/agos-malnoue.micromagic.fr\/index.php\/wp-json\/wp\/v2\/pages"}],"about":[{"href":"https:\/\/agos-malnoue.micromagic.fr\/index.php\/wp-json\/wp\/v2\/types\/page"}],"author":[{"embeddable":true,"href":"https:\/\/agos-malnoue.micromagic.fr\/index.php\/wp-json\/wp\/v2\/users\/2"}],"replies":[{"embeddable":true,"href":"https:\/\/agos-malnoue.micromagic.fr\/index.php\/wp-json\/wp\/v2\/comments?post=2284"}],"version-history":[{"count":2,"href":"https:\/\/agos-malnoue.micromagic.fr\/index.php\/wp-json\/wp\/v2\/pages\/2284\/revisions"}],"predecessor-version":[{"id":2287,"href":"https:\/\/agos-malnoue.micromagic.fr\/index.php\/wp-json\/wp\/v2\/pages\/2284\/revisions\/2287"}],"wp:attachment":[{"href":"https:\/\/agos-malnoue.micromagic.fr\/index.php\/wp-json\/wp\/v2\/media?parent=2284"}],"curies":[{"name":"wp","href":"https:\/\/api.w.org\/{rel}","templated":true}]}}