{"id":2288,"date":"2025-01-30T13:57:52","date_gmt":"2025-01-30T12:57:52","guid":{"rendered":"https:\/\/agos-malnoue.micromagic.fr\/?page_id=2288"},"modified":"2025-01-30T14:06:34","modified_gmt":"2025-01-30T13:06:34","slug":"accessibilite","status":"publish","type":"page","link":"https:\/\/agos-malnoue.micromagic.fr\/index.php\/accessibilite\/","title":{"rendered":"Accessibilit\u00e9"},"content":{"rendered":"<p><span class=\"\">L&rsquo;accessibilit\u00e9 en EHPAD (\u00c9tablissement d&rsquo;H\u00e9bergement pour Personnes \u00c2g\u00e9es D\u00e9pendantes) est un enjeu crucial pour assurer le confort et l&rsquo;autonomie des r\u00e9sidents. Voici les principaux aspects de l&rsquo;accessibilit\u00e9 en EHPAD :<\/span><\/p>\n<h2 class=\"hover:duration-80 duration-800 mb-2 mt-6 w-fit cursor-pointer text-lg underline decoration-super\/50 decoration-1 underline-offset-[3px] transition-all first:mt-3 hover:text-super hover:decoration-super\/80 hover:underline-offset-[5px] motion-reduce:transition-none dark:decoration-superDark\/35 dark:hover:text-superDark dark:hover:decoration-superDark\/80\" data-state=\"closed\">Obligations l\u00e9gales<\/h2>\n<p><span class=\"\">Depuis le 1er janvier 2015, tous les \u00e9tablissements recevant du public (ERP), y compris les EHPAD, doivent \u00eatre accessibles aux personnes en situation de handicap<\/span><span class=\"\"><span class=\"whitespace-nowrap\"><a class=\" mr-[2px] citation ml-xs inline\" href=\"https:\/\/bpifrance-creation.fr\/encyclopedie\/locaux-lentreprise\/etablissements-recevant-du-public\/lobligation-daccessibilite\" target=\"_blank\" rel=\"nofollow noopener\" data-state=\"closed\" aria-label=\"L'obligation d'accessibilit\u00e9 des \u00e9tablissements recevant du public ...\"><span class=\"relative align-middle undefined -top-px default font-sans text-base text-textMain dark:text-textMainDark selection:bg-super\/50 selection:text-textMain dark:selection:bg-superDuper\/10 dark:selection:text-superDark\"><span class=\"hover:bg-super dark:hover:bg-superDark dark:hover:text-backgroundDark min-w-[1rem] rounded-[0.3125rem] px-[0.3rem] text-center align-middle font-mono text-[0.6rem] tabular-nums hover:text-white py-[0.1875rem] border-borderMain\/50 ring-borderMain\/50 divide-borderMain\/50 dark:divide-borderMainDark\/50  dark:ring-borderMainDark\/50 dark:border-borderMainDark\/50 bg-offsetPlus dark:bg-offsetPlusDark\">1<\/span><\/span><\/a>.<\/span><\/span><span class=\"\">\u00a0Cela implique que ces \u00e9tablissements doivent \u00eatre con\u00e7us et am\u00e9nag\u00e9s de mani\u00e8re \u00e0 permettre \u00e0 toute personne, quel que soit son handicap, d&rsquo;y acc\u00e9der, d&rsquo;y circuler et d&rsquo;y recevoir les informations diffus\u00e9es.<\/span><\/p>\n<h2 class=\"hover:duration-80 duration-800 mb-2 mt-6 w-fit cursor-pointer text-lg underline decoration-super\/50 decoration-1 underline-offset-[3px] transition-all first:mt-3 hover:text-super hover:decoration-super\/80 hover:underline-offset-[5px] motion-reduce:transition-none dark:decoration-superDark\/35 dark:hover:text-superDark dark:hover:decoration-superDark\/80\" data-state=\"closed\">Am\u00e9nagements sp\u00e9cifiques<\/h2>\n<h2 class=\"hover:duration-80 duration-800 mb-2 mt-6 w-fit cursor-pointer text-lg underline decoration-super\/50 decoration-1 underline-offset-[3px] transition-all first:mt-3 hover:text-super hover:decoration-super\/80 hover:underline-offset-[5px] motion-reduce:transition-none dark:decoration-superDark\/35 dark:hover:text-superDark dark:hover:decoration-superDark\/80\" data-state=\"closed\">Circulation<\/h2>\n<ul class=\"marker:text-textOff list-disc pl-8\">\n<li><span class=\"\">Couloirs spacieux et libres d&rsquo;obstacles<\/span><\/li>\n<li><span class=\"\">Cheminements adapt\u00e9s depuis la voirie publique<\/span><\/li>\n<li><span class=\"\">Ascenseurs accessibles et \u00e9l\u00e9vateurs verticaux pour surmonter les diff\u00e9rences de niveau<\/span><span class=\"\"><a class=\"citation ml-xs inline\" href=\"https:\/\/www.capretraite.fr\/aide-a-domicile\/maintien-a-domicile\/guide-de-la-norme-pmr-garantir-laccessibilite-pour-tous\/\" target=\"_blank\" rel=\"nofollow noopener\" data-state=\"closed\" aria-label=\"Guide de la norme PMR : garantir l'accessibilit\u00e9 pour tous\"><span class=\"relative align-middle undefined -top-px default font-sans text-base text-textMain dark:text-textMainDark selection:bg-super\/50 selection:text-textMain dark:selection:bg-superDuper\/10 dark:selection:text-superDark\"><span class=\"hover:bg-super dark:hover:bg-superDark dark:hover:text-backgroundDark min-w-[1rem] rounded-[0.3125rem] px-[0.3rem] text-center align-middle font-mono text-[0.6rem] tabular-nums hover:text-white py-[0.1875rem] border-borderMain\/50 ring-borderMain\/50 divide-borderMain\/50 dark:divide-borderMainDark\/50  dark:ring-borderMainDark\/50 dark:border-borderMainDark\/50 bg-offsetPlus dark:bg-offsetPlusDark\">3<\/span><\/span><\/a><\/span><\/li>\n<\/ul>\n<h2 class=\"hover:duration-80 duration-800 mb-2 mt-6 w-fit cursor-pointer text-lg underline decoration-super\/50 decoration-1 underline-offset-[3px] transition-all first:mt-3 hover:text-super hover:decoration-super\/80 hover:underline-offset-[5px] motion-reduce:transition-none dark:decoration-superDark\/35 dark:hover:text-superDark dark:hover:decoration-superDark\/80\" data-state=\"closed\">Portes et entr\u00e9es<\/h2>\n<ul class=\"marker:text-textOff list-disc pl-8\">\n<li><span class=\"\">Largeur minimale de passage de 83 cm pour les portes des chambres adapt\u00e9es<\/span><\/li>\n<li><span class=\"\">Portiques de s\u00e9curit\u00e9 avec une largeur de passage utile d&rsquo;au moins 77 cm<\/span><\/li>\n<\/ul>\n<h2 class=\"hover:duration-80 duration-800 mb-2 mt-6 w-fit cursor-pointer text-lg underline decoration-super\/50 decoration-1 underline-offset-[3px] transition-all first:mt-3 hover:text-super hover:decoration-super\/80 hover:underline-offset-[5px] motion-reduce:transition-none dark:decoration-superDark\/35 dark:hover:text-superDark dark:hover:decoration-superDark\/80\" data-state=\"closed\">Sanitaires<\/h2>\n<ul class=\"marker:text-textOff list-disc pl-8\">\n<li><span class=\"\">Espace d&rsquo;au moins 80 x 130 cm \u00e0 c\u00f4t\u00e9 des toilettes pour les fauteuils roulants<\/span><\/li>\n<li><span class=\"\">Barre d&rsquo;appui \u00e0 une hauteur comprise entre 0,70 m et 0,80 m<\/span><\/li>\n<li><span class=\"\">Hauteur des toilettes \u00e0 50 cm<\/span><\/li>\n<li><span class=\"\">Lavabo plac\u00e9 \u00e0 une hauteur de 70 cm<\/span><\/li>\n<li><span class=\"\">Miroir inclin\u00e9<\/span><\/li>\n<\/ul>\n<h2 class=\"hover:duration-80 duration-800 mb-2 mt-6 w-fit cursor-pointer text-lg underline decoration-super\/50 decoration-1 underline-offset-[3px] transition-all first:mt-3 hover:text-super hover:decoration-super\/80 hover:underline-offset-[5px] motion-reduce:transition-none dark:decoration-superDark\/35 dark:hover:text-superDark dark:hover:decoration-superDark\/80\" data-state=\"closed\">Registre d&rsquo;accessibilit\u00e9<\/h2>\n<p><span class=\"\">Depuis le 22 octobre 2017, les EHPAD, comme tous les ERP, doivent mettre \u00e0 disposition un registre public d&rsquo;accessibilit\u00e9<\/span><span class=\"\"><span class=\"whitespace-nowrap\">.<\/span><\/span><span class=\"\">\u00a0Ce registre informe le public sur le degr\u00e9 d&rsquo;accessibilit\u00e9 de l&rsquo;\u00e9tablissement et de ses prestations.<\/span><\/p>\n<h2 class=\"hover:duration-80 duration-800 mb-2 mt-6 w-fit cursor-pointer text-lg underline decoration-super\/50 decoration-1 underline-offset-[3px] transition-all first:mt-3 hover:text-super hover:decoration-super\/80 hover:underline-offset-[5px] motion-reduce:transition-none dark:decoration-superDark\/35 dark:hover:text-superDark dark:hover:decoration-superDark\/80\" data-state=\"closed\">Enjeux sp\u00e9cifiques pour les personnes handicap\u00e9es vieillissantes<\/h2>\n<p><span class=\"\">Les EHPAD doivent \u00eatre particuli\u00e8rement attentifs aux besoins des personnes handicap\u00e9es vieillissantes, en proposant des am\u00e9nagements adapt\u00e9s \u00e0 leurs situations sp\u00e9cifiques<\/span><span class=\"\"><span class=\"whitespace-nowrap\">. <\/span><\/span><span class=\"\">L&rsquo;accessibilit\u00e9 en EHPAD ne se limite pas aux aspects physiques, mais englobe \u00e9galement la formation du personnel \u00e0 l&rsquo;accueil et \u00e0 l&rsquo;accompagnement des personnes en situation de handicap. Cette approche globale vise \u00e0 garantir une qualit\u00e9 de vie optimale pour tous les r\u00e9sidents, quelles que soient leurs capacit\u00e9s.<\/span><\/p>\n","protected":false},"excerpt":{"rendered":"<p>L&rsquo;accessibilit\u00e9 en EHPAD (\u00c9tablissement d&rsquo;H\u00e9bergement pour Personnes \u00c2g\u00e9es D\u00e9pendantes) est un enjeu crucial pour assurer le confort et l&rsquo;autonomie des r\u00e9sidents. Voici les principaux aspects de l&rsquo;accessibilit\u00e9 en EHPAD : Obligations l\u00e9gales Depuis le 1er janvier 2015, tous les \u00e9tablissements recevant du public (ERP), y compris les EHPAD, doivent \u00eatre accessibles aux personnes en situation&hellip;<\/p>\n","protected":false},"author":2,"featured_media":0,"parent":0,"menu_order":0,"comment_status":"closed","ping_status":"closed","template":"","meta":{"footnotes":""},"class_list":["post-2288","page","type-page","status-publish","hentry","description-off"],"_links":{"self":[{"href":"https:\/\/agos-malnoue.micromagic.fr\/index.php\/wp-json\/wp\/v2\/pages\/2288","targetHints":{"allow":["GET"]}}],"collection":[{"href":"https:\/\/agos-malnoue.micromagic.fr\/index.php\/wp-json\/wp\/v2\/pages"}],"about":[{"href":"https:\/\/agos-malnoue.micromagic.fr\/index.php\/wp-json\/wp\/v2\/types\/page"}],"author":[{"embeddable":true,"href":"https:\/\/agos-malnoue.micromagic.fr\/index.php\/wp-json\/wp\/v2\/users\/2"}],"replies":[{"embeddable":true,"href":"https:\/\/agos-malnoue.micromagic.fr\/index.php\/wp-json\/wp\/v2\/comments?post=2288"}],"version-history":[{"count":2,"href":"https:\/\/agos-malnoue.micromagic.fr\/index.php\/wp-json\/wp\/v2\/pages\/2288\/revisions"}],"predecessor-version":[{"id":2291,"href":"https:\/\/agos-malnoue.micromagic.fr\/index.php\/wp-json\/wp\/v2\/pages\/2288\/revisions\/2291"}],"wp:attachment":[{"href":"https:\/\/agos-malnoue.micromagic.fr\/index.php\/wp-json\/wp\/v2\/media?parent=2288"}],"curies":[{"name":"wp","href":"https:\/\/api.w.org\/{rel}","templated":true}]}}