{"id":2299,"date":"2025-02-04T16:45:51","date_gmt":"2025-02-04T15:45:51","guid":{"rendered":"https:\/\/agos-malnoue.micromagic.fr\/?page_id=2299"},"modified":"2025-02-04T16:47:13","modified_gmt":"2025-02-04T15:47:13","slug":"lequipe-pluridisciplinaire","status":"publish","type":"page","link":"https:\/\/agos-malnoue.micromagic.fr\/index.php\/lequipe-pluridisciplinaire\/","title":{"rendered":"L&rsquo;\u00e9quipe pluridisciplinaire"},"content":{"rendered":"<p><span class=\"\">L&rsquo;\u00e9quipe pluridisciplinaire en EHPAD (\u00c9tablissement d&rsquo;H\u00e9bergement pour Personnes \u00c2g\u00e9es D\u00e9pendantes) est compos\u00e9e de divers professionnels travaillant en collaboration pour assurer une prise en charge globale et personnalis\u00e9e des r\u00e9sidents. Voici les principaux membres de cette \u00e9quipe :<\/span><\/p>\n<h2 class=\"hover:duration-80 duration-800 mb-2 mt-6 w-fit cursor-pointer text-lg underline decoration-textOff\/25 decoration-1 underline-offset-[5px] hover:text-super hover:decoration-super\/80 hover:underline-offset-[7px] dark:decoration-textOffDark\/30 dark:hover:text-superDark dark:hover:decoration-superDark\/80 transition-all first:mt-3 motion-reduce:transition-none\" data-state=\"closed\">Personnel m\u00e9dical et param\u00e9dical<\/h2>\n<ul class=\"marker:text-textOff list-disc pl-8\">\n<li><span class=\"\">M\u00e9decin coordonnateur : \u00e9value l&rsquo;\u00e9tat de sant\u00e9 des r\u00e9sidents et coordonne les soins m\u00e9dicaux<\/span><\/li>\n<li><span class=\"\">Infirmiers : responsables des soins infirmiers et de la gestion des traitements<\/span><\/li>\n<li><span class=\"\">Aides-soignants : assistent les r\u00e9sidents dans les actes de la vie quotidienne<\/span><\/li>\n<li><span class=\"\">Psychologue : r\u00e9alise des \u00e9valuations et des suivis psychologiques<\/span><\/li>\n<li><span class=\"\">Ergoth\u00e9rapeute et psychomotricien : proposent une r\u00e9\u00e9ducation adapt\u00e9e et favorisent la r\u00e9cup\u00e9ration motrice et sensorielle<\/span><\/li>\n<li><span class=\"\">Kin\u00e9sith\u00e9rapeute : assure la r\u00e9\u00e9ducation physique<\/span><\/li>\n<\/ul>\n<h2 class=\"hover:duration-80 duration-800 mb-2 mt-6 w-fit cursor-pointer text-lg underline decoration-textOff\/25 decoration-1 underline-offset-[5px] hover:text-super hover:decoration-super\/80 hover:underline-offset-[7px] dark:decoration-textOffDark\/30 dark:hover:text-superDark dark:hover:decoration-superDark\/80 transition-all first:mt-3 motion-reduce:transition-none\" data-state=\"closed\">Personnel d&rsquo;encadrement et administratif<\/h2>\n<ul class=\"marker:text-textOff list-disc pl-8\">\n<li><span class=\"\">Directeur de l&rsquo;\u00e9tablissement<\/span><\/li>\n<li><span class=\"\">Cadre sup\u00e9rieur de sant\u00e9 et cadre de sant\u00e9 : organisent et veillent au bon fonctionnement de l&rsquo;EHPAD<\/span><\/li>\n<li><span class=\"\">Personnel administratif : g\u00e8re l&rsquo;accueil et les aspects administratifs<\/span><\/li>\n<\/ul>\n<h2 class=\"hover:duration-80 duration-800 mb-2 mt-6 w-fit cursor-pointer text-lg underline decoration-textOff\/25 decoration-1 underline-offset-[5px] hover:text-super hover:decoration-super\/80 hover:underline-offset-[7px] dark:decoration-textOffDark\/30 dark:hover:text-superDark dark:hover:decoration-superDark\/80 transition-all first:mt-3 motion-reduce:transition-none\" data-state=\"closed\">Personnel des services supports<\/h2>\n<ul class=\"marker:text-textOff list-disc pl-8\">\n<li><span class=\"\">\u00c9quipe d&rsquo;animation : propose et coordonne les activit\u00e9s<\/span><\/li>\n<li><span class=\"\">Di\u00e9t\u00e9ticienne : \u00e9labore les menus et suit les besoins nutritionnels<\/span><\/li>\n<li><span class=\"\">Agents des services techniques, de cuisine, de blanchisserie<\/span><\/li>\n<\/ul>\n<h2 class=\"hover:duration-80 duration-800 mb-2 mt-6 w-fit cursor-pointer text-lg underline decoration-textOff\/25 decoration-1 underline-offset-[5px] hover:text-super hover:decoration-super\/80 hover:underline-offset-[7px] dark:decoration-textOffDark\/30 dark:hover:text-superDark dark:hover:decoration-superDark\/80 transition-all first:mt-3 motion-reduce:transition-none\" data-state=\"closed\">Autres professionnels<\/h2>\n<ul class=\"marker:text-textOff list-disc pl-8\">\n<li><span class=\"\">Aides m\u00e9dico-psychologiques : accompagnent les r\u00e9sidents souffrant de troubles cognitifs ou psychologiques<\/span><\/li>\n<li><span class=\"\">Assistante sociale : aide dans les d\u00e9marches administratives et sociales<\/span><\/li>\n<\/ul>\n<p><span class=\"\">Cette \u00e9quipe pluridisciplinaire permet d&rsquo;offrir une prise en charge compl\u00e8te, adapt\u00e9e et personnalis\u00e9e aux r\u00e9sidents, contribuant ainsi \u00e0 leur bien-\u00eatre et \u00e0 leur qualit\u00e9 de vie.<\/span><\/p>\n<p><span class=\"\">La collaboration entre ces diff\u00e9rents professionnels favorise une d\u00e9tection rapide des probl\u00e8mes de sant\u00e9 et une adaptation constante des soins aux besoins des r\u00e9sidents<\/span><\/p>\n","protected":false},"excerpt":{"rendered":"<p>L&rsquo;\u00e9quipe pluridisciplinaire en EHPAD (\u00c9tablissement d&rsquo;H\u00e9bergement pour Personnes \u00c2g\u00e9es D\u00e9pendantes) est compos\u00e9e de divers professionnels travaillant en collaboration pour assurer une prise en charge globale et personnalis\u00e9e des r\u00e9sidents. Voici les principaux membres de cette \u00e9quipe : Personnel m\u00e9dical et param\u00e9dical M\u00e9decin coordonnateur : \u00e9value l&rsquo;\u00e9tat de sant\u00e9 des r\u00e9sidents et coordonne les soins m\u00e9dicaux&hellip;<\/p>\n","protected":false},"author":2,"featured_media":0,"parent":0,"menu_order":0,"comment_status":"closed","ping_status":"closed","template":"","meta":{"footnotes":""},"class_list":["post-2299","page","type-page","status-publish","hentry","description-off"],"_links":{"self":[{"href":"https:\/\/agos-malnoue.micromagic.fr\/index.php\/wp-json\/wp\/v2\/pages\/2299","targetHints":{"allow":["GET"]}}],"collection":[{"href":"https:\/\/agos-malnoue.micromagic.fr\/index.php\/wp-json\/wp\/v2\/pages"}],"about":[{"href":"https:\/\/agos-malnoue.micromagic.fr\/index.php\/wp-json\/wp\/v2\/types\/page"}],"author":[{"embeddable":true,"href":"https:\/\/agos-malnoue.micromagic.fr\/index.php\/wp-json\/wp\/v2\/users\/2"}],"replies":[{"embeddable":true,"href":"https:\/\/agos-malnoue.micromagic.fr\/index.php\/wp-json\/wp\/v2\/comments?post=2299"}],"version-history":[{"count":2,"href":"https:\/\/agos-malnoue.micromagic.fr\/index.php\/wp-json\/wp\/v2\/pages\/2299\/revisions"}],"predecessor-version":[{"id":2302,"href":"https:\/\/agos-malnoue.micromagic.fr\/index.php\/wp-json\/wp\/v2\/pages\/2299\/revisions\/2302"}],"wp:attachment":[{"href":"https:\/\/agos-malnoue.micromagic.fr\/index.php\/wp-json\/wp\/v2\/media?parent=2299"}],"curies":[{"name":"wp","href":"https:\/\/api.w.org\/{rel}","templated":true}]}}