{"id":2626,"date":"2026-03-16T15:37:54","date_gmt":"2026-03-16T14:37:54","guid":{"rendered":"https:\/\/agos-malnoue.micromagic.fr\/?page_id=2626"},"modified":"2026-03-16T15:47:00","modified_gmt":"2026-03-16T14:47:00","slug":"residence-medicalisee","status":"publish","type":"page","link":"https:\/\/agos-malnoue.micromagic.fr\/index.php\/residence-medicalisee\/","title":{"rendered":"R\u00e9sidence m\u00e9dicalis\u00e9e"},"content":{"rendered":"<p>Explications sur la r\u00e9sidence m\u00e9dicalis\u00e9e<\/p>\n","protected":false},"excerpt":{"rendered":"<p>Explications sur la r\u00e9sidence m\u00e9dicalis\u00e9e<\/p>\n","protected":false},"author":2,"featured_media":0,"parent":0,"menu_order":0,"comment_status":"closed","ping_status":"closed","template":"","meta":{"footnotes":""},"class_list":["post-2626","page","type-page","status-publish","hentry","description-off"],"_links":{"self":[{"href":"https:\/\/agos-malnoue.micromagic.fr\/index.php\/wp-json\/wp\/v2\/pages\/2626","targetHints":{"allow":["GET"]}}],"collection":[{"href":"https:\/\/agos-malnoue.micromagic.fr\/index.php\/wp-json\/wp\/v2\/pages"}],"about":[{"href":"https:\/\/agos-malnoue.micromagic.fr\/index.php\/wp-json\/wp\/v2\/types\/page"}],"author":[{"embeddable":true,"href":"https:\/\/agos-malnoue.micromagic.fr\/index.php\/wp-json\/wp\/v2\/users\/2"}],"replies":[{"embeddable":true,"href":"https:\/\/agos-malnoue.micromagic.fr\/index.php\/wp-json\/wp\/v2\/comments?post=2626"}],"version-history":[{"count":2,"href":"https:\/\/agos-malnoue.micromagic.fr\/index.php\/wp-json\/wp\/v2\/pages\/2626\/revisions"}],"predecessor-version":[{"id":2629,"href":"https:\/\/agos-malnoue.micromagic.fr\/index.php\/wp-json\/wp\/v2\/pages\/2626\/revisions\/2629"}],"wp:attachment":[{"href":"https:\/\/agos-malnoue.micromagic.fr\/index.php\/wp-json\/wp\/v2\/media?parent=2626"}],"curies":[{"name":"wp","href":"https:\/\/api.w.org\/{rel}","templated":true}]}}