{"id":2698,"date":"2026-04-09T11:20:19","date_gmt":"2026-04-09T09:20:19","guid":{"rendered":"https:\/\/agos-malnoue.micromagic.fr\/?page_id=2698"},"modified":"2026-04-09T12:04:55","modified_gmt":"2026-04-09T10:04:55","slug":"foire-aux-questions","status":"publish","type":"page","link":"https:\/\/agos-malnoue.micromagic.fr\/index.php\/foire-aux-questions\/","title":{"rendered":"Foire Aux Questions"},"content":{"rendered":"<div class=\"wpb-content-wrapper\"><p>[vc_row][vc_column][vc_toggle title=\u00a0\u00bbQu&rsquo;est ce qu&rsquo;une maison m\u00e9dicalis\u00e9\u00a0\u00bb css=\u00a0\u00bb.vc_custom_1775728983190{background-color: #ffffff !important;}\u00a0\u00bb]<\/p>\n<p class=\"my-2 [&amp;+p]:mt-4 [&amp;_strong:has(+br)]:inline-block [&amp;_strong:has(+br)]:pb-2\">Une\u00a0<strong>maison de retraite m\u00e9dicalis\u00e9e<\/strong>\u00a0est un \u00e9tablissement pour personnes \u00e2g\u00e9es qui ne peuvent plus vivre seules de fa\u00e7on s\u00fbre et qui ont besoin d\u2019aide quotidienne et de soins r\u00e9guliers. En France, le terme correspond le plus souvent \u00e0 un\u00a0<strong>EHPAD<\/strong>.<\/p>\n<h2 id=\"en-pratique\" class=\"font-editorial font-bold mb-2 mt-4 [.has-inline-images_&amp;]:clear-end text-lg first:mt-0 md:text-lg [hr+&amp;]:mt-4\">En pratique<\/h2>\n<p class=\"my-2 [&amp;+p]:mt-4 [&amp;_strong:has(+br)]:inline-block [&amp;_strong:has(+br)]:pb-2\">Elle propose g\u00e9n\u00e9ralement :<\/p>\n<ul class=\"marker:text-quiet list-disc pl-8\">\n<li class=\"py-0 my-0 prose-p:pt-0 prose-p:mb-2 prose-p:my-0 [&amp;&gt;p]:pt-0 [&amp;&gt;p]:mb-2 [&amp;&gt;p]:my-0\">\n<p class=\"my-2 [&amp;+p]:mt-4 [&amp;_strong:has(+br)]:inline-block [&amp;_strong:has(+br)]:pb-2\">un h\u00e9bergement s\u00e9curis\u00e9.<\/p>\n<\/li>\n<li class=\"py-0 my-0 prose-p:pt-0 prose-p:mb-2 prose-p:my-0 [&amp;&gt;p]:pt-0 [&amp;&gt;p]:mb-2 [&amp;&gt;p]:my-0\">\n<p class=\"my-2 [&amp;+p]:mt-4 [&amp;_strong:has(+br)]:inline-block [&amp;_strong:has(+br)]:pb-2\">les repas et l\u2019entretien.<\/p>\n<\/li>\n<li class=\"py-0 my-0 prose-p:pt-0 prose-p:mb-2 prose-p:my-0 [&amp;&gt;p]:pt-0 [&amp;&gt;p]:mb-2 [&amp;&gt;p]:my-0\">\n<p class=\"my-2 [&amp;+p]:mt-4 [&amp;_strong:has(+br)]:inline-block [&amp;_strong:has(+br)]:pb-2\">une aide pour la toilette, l\u2019habillage et les gestes du quotidien.<\/p>\n<\/li>\n<li class=\"py-0 my-0 prose-p:pt-0 prose-p:mb-2 prose-p:my-0 [&amp;&gt;p]:pt-0 [&amp;&gt;p]:mb-2 [&amp;&gt;p]:my-0\">\n<p class=\"my-2 [&amp;+p]:mt-4 [&amp;_strong:has(+br)]:inline-block [&amp;_strong:has(+br)]:pb-2\">un suivi m\u00e9dical et des soins adapt\u00e9s.<\/p>\n<\/li>\n<\/ul>\n<p>[\/vc_toggle][vc_toggle title=\u00a0\u00bbQu&rsquo;elle est la diff\u00e9rence entre maison de retraite conventionn\u00e9 ou non\u00a0\u00bb css=\u00a0\u00bb.vc_custom_1775728866325{background-color: #ffffff !important;}\u00a0\u00bb]La diff\u00e9rence principale est surtout le niveau d\u2019encadrement et les aides possibles. Une maison de retraite conventionn\u00e9e est li\u00e9e \u00e0 un cadre officiel avec des tarifs plus encadr\u00e9s et, en g\u00e9n\u00e9ral, l\u2019acc\u00e8s \u00e0 davantage d\u2019aides publiques, alors qu\u2019une structure non conventionn\u00e9e fixe plus librement ses tarifs et peut ouvrir moins de droits \u00e0 l\u2019aide sociale.<\/p>\n<p>Conventionn\u00e9e<br \/>\nElle a sign\u00e9 un accord avec les autorit\u00e9s comp\u00e9tentes.<\/p>\n<p>Les tarifs sont plus contr\u00f4l\u00e9s et doivent \u00eatre pr\u00e9sent\u00e9s plus clairement.<\/p>\n<p>Elle ouvre plus facilement droit \u00e0 certaines aides financi\u00e8res.<\/p>\n<p>Non conventionn\u00e9e<br \/>\nElle n\u2019est pas dans le m\u00eame cadre r\u00e9glementaire.<\/p>\n<p>Les tarifs sont souvent plus libres, donc potentiellement plus \u00e9lev\u00e9s.<\/p>\n<p>Certaines aides, notamment l\u2019aide sociale \u00e0 l\u2019h\u00e9bergement, peuvent ne pas \u00eatre accessibles.<\/p>\n<p>[\/vc_toggle][vc_toggle title=\u00a0\u00bbQu&rsquo;elle est la diff\u00e9rence entre maison de retraite conventionn\u00e9 ou non\u00a0\u00bb css=\u00a0\u00bb.vc_custom_1775728866325{background-color: #ffffff !important;}\u00a0\u00bb]La diff\u00e9rence principale est surtout le niveau d\u2019encadrement et les aides possibles. Une maison de retraite conventionn\u00e9e est li\u00e9e \u00e0 un cadre officiel avec des tarifs plus encadr\u00e9s et, en g\u00e9n\u00e9ral, l\u2019acc\u00e8s \u00e0 davantage d\u2019aides publiques, alors qu\u2019une structure non conventionn\u00e9e fixe plus librement ses tarifs et peut ouvrir moins de droits \u00e0 l\u2019aide sociale.<\/p>\n<p>Conventionn\u00e9e<br \/>\nElle a sign\u00e9 un accord avec les autorit\u00e9s comp\u00e9tentes.<\/p>\n<p>Les tarifs sont plus contr\u00f4l\u00e9s et doivent \u00eatre pr\u00e9sent\u00e9s plus clairement.<\/p>\n<p>Elle ouvre plus facilement droit \u00e0 certaines aides financi\u00e8res.<\/p>\n<p>Non conventionn\u00e9e<br \/>\nElle n\u2019est pas dans le m\u00eame cadre r\u00e9glementaire.<\/p>\n<p>Les tarifs sont souvent plus libres, donc potentiellement plus \u00e9lev\u00e9s.<\/p>\n<p>Certaines aides, notamment l\u2019aide sociale \u00e0 l\u2019h\u00e9bergement, peuvent ne pas \u00eatre accessibles.<\/p>\n<p>[\/vc_toggle][\/vc_column][\/vc_row]<\/p>\n<\/div>","protected":false},"excerpt":{"rendered":"<p>[vc_row][vc_column][vc_toggle title=\u00a0\u00bbQu&rsquo;est ce qu&rsquo;une maison m\u00e9dicalis\u00e9\u00a0\u00bb css=\u00a0\u00bb.vc_custom_1775728983190{background-color: #ffffff !important;}\u00a0\u00bb] Une\u00a0maison de retraite m\u00e9dicalis\u00e9e\u00a0est un \u00e9tablissement pour personnes \u00e2g\u00e9es qui ne peuvent plus vivre seules de fa\u00e7on s\u00fbre et qui ont besoin d\u2019aide quotidienne et de soins r\u00e9guliers. En France, le terme correspond le plus souvent \u00e0 un\u00a0EHPAD. En pratique Elle propose g\u00e9n\u00e9ralement : un h\u00e9bergement&hellip;<\/p>\n","protected":false},"author":2,"featured_media":0,"parent":0,"menu_order":0,"comment_status":"closed","ping_status":"closed","template":"","meta":{"footnotes":""},"class_list":["post-2698","page","type-page","status-publish","hentry","description-off"],"_links":{"self":[{"href":"https:\/\/agos-malnoue.micromagic.fr\/index.php\/wp-json\/wp\/v2\/pages\/2698","targetHints":{"allow":["GET"]}}],"collection":[{"href":"https:\/\/agos-malnoue.micromagic.fr\/index.php\/wp-json\/wp\/v2\/pages"}],"about":[{"href":"https:\/\/agos-malnoue.micromagic.fr\/index.php\/wp-json\/wp\/v2\/types\/page"}],"author":[{"embeddable":true,"href":"https:\/\/agos-malnoue.micromagic.fr\/index.php\/wp-json\/wp\/v2\/users\/2"}],"replies":[{"embeddable":true,"href":"https:\/\/agos-malnoue.micromagic.fr\/index.php\/wp-json\/wp\/v2\/comments?post=2698"}],"version-history":[{"count":7,"href":"https:\/\/agos-malnoue.micromagic.fr\/index.php\/wp-json\/wp\/v2\/pages\/2698\/revisions"}],"predecessor-version":[{"id":2708,"href":"https:\/\/agos-malnoue.micromagic.fr\/index.php\/wp-json\/wp\/v2\/pages\/2698\/revisions\/2708"}],"wp:attachment":[{"href":"https:\/\/agos-malnoue.micromagic.fr\/index.php\/wp-json\/wp\/v2\/media?parent=2698"}],"curies":[{"name":"wp","href":"https:\/\/api.w.org\/{rel}","templated":true}]}}